{"id":26692,"date":"2013-05-31T11:57:37","date_gmt":"2013-05-31T09:57:37","guid":{"rendered":"http:\/\/faiservice.com\/fai-service-uslugi-i-ludzie-dedykowani-branzy-transportowej\/"},"modified":"2024-03-22T17:46:48","modified_gmt":"2024-03-22T16:46:48","slug":"fai-service-uslugi-i-ludzie-dedykowani-branzy-transportowej","status":"publish","type":"page","link":"https:\/\/faiservice.com\/pl\/fai-service-uslugi-i-ludzie-dedykowani-branzy-transportowej\/","title":{"rendered":"FAI Service | Us\u0142ugi i ludzie dedykowani bran\u017cy transportowej"},"content":{"rendered":"\t\t<div data-elementor-type=\"wp-page\" data-elementor-id=\"26692\" class=\"elementor elementor-26692 elementor-15324\">\n\t\t\t\t\t\t\t        <section class=\"elementor-section elementor-top-section elementor-element elementor-element-0e10ef4 elementor-section-stretched elementor-section-boxed elementor-section-height-default elementor-section-height-default\" data-id=\"0e10ef4\" data-element_type=\"section\" data-settings=\"{&quot;stretch_section&quot;:&quot;section-stretched&quot;,&quot;background_background&quot;:&quot;classic&quot;}\">\n\t\t            <div class=\"elementor-background-overlay\"><\/div>\n\t\t\n\t\t        <div class=\"elementor-container elementor-column-gap-default \" >\n\t\t        <div class=\"elementor-column elementor-col-100 elementor-top-column elementor-element elementor-element-0f8827a\" data-id=\"0f8827a\" data-element_type=\"column\">\n        <div class=\"elementor-widget-wrap elementor-element-populated\">\n                        \t\t<div class=\"elementor-element elementor-element-0f69ee1 elementor-widget elementor-widget-cms_heading\" data-id=\"0f69ee1\" data-element_type=\"widget\" data-widget_type=\"cms_heading.default\">\n\t\t\t\t<div class=\"elementor-widget-container\">\n\t\t\t<div class=\"cms-heading-wrapper cms-heading-layout1\">\n    \n            <h2 class=\"custom-heading\">\n            <span >KIM JESTE\u015aMY<\/span>\n        <\/h2>\n        \n    <\/div>\t\t<\/div>\n\t\t\t\t<\/div>\n\t\t\t\t<div class=\"elementor-element elementor-element-6eae813 elementor-widget elementor-widget-cms_breadcrumb\" data-id=\"6eae813\" data-element_type=\"widget\" data-widget_type=\"cms_breadcrumb.default\">\n\t\t\t\t<div class=\"elementor-widget-container\">\n\t\t\t<ul class=\"cms-breadcrumb\"><li><span class=\"breadcrumb-entry\">Home<\/span><\/li><\/ul>\t\t<\/div>\n\t\t\t\t<\/div>\n\t\t        <\/div>\n        <\/div>\n        \t\t        <\/div>\n        <\/section>\n\t\t        <section class=\"elementor-section elementor-top-section elementor-element elementor-element-40aa272 elementor-section-boxed elementor-section-height-default elementor-section-height-default\" data-id=\"40aa272\" data-element_type=\"section\">\n\t\t\n\t\t        <div class=\"elementor-container elementor-column-gap-default \" >\n\t\t        <div class=\"elementor-column elementor-col-100 elementor-top-column elementor-element elementor-element-472a37a\" data-id=\"472a37a\" data-element_type=\"column\">\n        <div class=\"elementor-widget-wrap elementor-element-populated\">\n                        \t\t<div class=\"elementor-element elementor-element-56628b72 elementor-widget elementor-widget-heading\" data-id=\"56628b72\" data-element_type=\"widget\" data-widget_type=\"heading.default\">\n\t\t\t\t<div class=\"elementor-widget-container\">\n\t\t\t<style>\/*! elementor - v3.10.0 - 09-01-2023 *\/\n.elementor-heading-title{padding:0;margin:0;line-height:1}.elementor-widget-heading .elementor-heading-title[class*=elementor-size-]>a{color:inherit;font-size:inherit;line-height:inherit}.elementor-widget-heading .elementor-heading-title.elementor-size-small{font-size:15px}.elementor-widget-heading .elementor-heading-title.elementor-size-medium{font-size:19px}.elementor-widget-heading .elementor-heading-title.elementor-size-large{font-size:29px}.elementor-widget-heading .elementor-heading-title.elementor-size-xl{font-size:39px}.elementor-widget-heading .elementor-heading-title.elementor-size-xxl{font-size:59px}<\/style><h4 class=\"elementor-heading-title elementor-size-default\">FAI SERVICE to globalny partner dla firm transportowych.\n<\/h4>\t\t<\/div>\n\t\t\t\t<\/div>\n\t\t\t\t<div class=\"elementor-element elementor-element-eefa86e elementor-widget-divider--view-line elementor-widget elementor-widget-divider\" data-id=\"eefa86e\" data-element_type=\"widget\" data-widget_type=\"divider.default\">\n\t\t\t\t<div class=\"elementor-widget-container\">\n\t\t\t<style>\/*! elementor - v3.10.0 - 09-01-2023 *\/\n.elementor-widget-divider{--divider-border-style:none;--divider-border-width:1px;--divider-color:#2c2c2c;--divider-icon-size:20px;--divider-element-spacing:10px;--divider-pattern-height:24px;--divider-pattern-size:20px;--divider-pattern-url:none;--divider-pattern-repeat:repeat-x}.elementor-widget-divider .elementor-divider{display:flex}.elementor-widget-divider .elementor-divider__text{font-size:15px;line-height:1;max-width:95%}.elementor-widget-divider .elementor-divider__element{margin:0 var(--divider-element-spacing);flex-shrink:0}.elementor-widget-divider .elementor-icon{font-size:var(--divider-icon-size)}.elementor-widget-divider .elementor-divider-separator{display:flex;margin:0;direction:ltr}.elementor-widget-divider--view-line_icon .elementor-divider-separator,.elementor-widget-divider--view-line_text .elementor-divider-separator{align-items:center}.elementor-widget-divider--view-line_icon .elementor-divider-separator:after,.elementor-widget-divider--view-line_icon .elementor-divider-separator:before,.elementor-widget-divider--view-line_text .elementor-divider-separator:after,.elementor-widget-divider--view-line_text .elementor-divider-separator:before{display:block;content:\"\";border-bottom:0;flex-grow:1;border-top:var(--divider-border-width) var(--divider-border-style) var(--divider-color)}.elementor-widget-divider--element-align-left .elementor-divider .elementor-divider-separator>.elementor-divider__svg:first-of-type{flex-grow:0;flex-shrink:100}.elementor-widget-divider--element-align-left .elementor-divider-separator:before{content:none}.elementor-widget-divider--element-align-left .elementor-divider__element{margin-left:0}.elementor-widget-divider--element-align-right .elementor-divider .elementor-divider-separator>.elementor-divider__svg:last-of-type{flex-grow:0;flex-shrink:100}.elementor-widget-divider--element-align-right .elementor-divider-separator:after{content:none}.elementor-widget-divider--element-align-right .elementor-divider__element{margin-right:0}.elementor-widget-divider:not(.elementor-widget-divider--view-line_text):not(.elementor-widget-divider--view-line_icon) .elementor-divider-separator{border-top:var(--divider-border-width) var(--divider-border-style) var(--divider-color)}.elementor-widget-divider--separator-type-pattern{--divider-border-style:none}.elementor-widget-divider--separator-type-pattern.elementor-widget-divider--view-line .elementor-divider-separator,.elementor-widget-divider--separator-type-pattern:not(.elementor-widget-divider--view-line) .elementor-divider-separator:after,.elementor-widget-divider--separator-type-pattern:not(.elementor-widget-divider--view-line) .elementor-divider-separator:before,.elementor-widget-divider--separator-type-pattern:not([class*=elementor-widget-divider--view]) .elementor-divider-separator{width:100%;min-height:var(--divider-pattern-height);-webkit-mask-size:var(--divider-pattern-size) 100%;mask-size:var(--divider-pattern-size) 100%;-webkit-mask-repeat:var(--divider-pattern-repeat);mask-repeat:var(--divider-pattern-repeat);background-color:var(--divider-color);-webkit-mask-image:var(--divider-pattern-url);mask-image:var(--divider-pattern-url)}.elementor-widget-divider--no-spacing{--divider-pattern-size:auto}.elementor-widget-divider--bg-round{--divider-pattern-repeat:round}.rtl .elementor-widget-divider .elementor-divider__text{direction:rtl}.e-con-inner>.elementor-widget-divider,.e-con>.elementor-widget-divider{width:var(--container-widget-width);--flex-grow:var(--container-widget-flex-grow)}<\/style>\t\t<div class=\"elementor-divider\">\n\t\t\t<span class=\"elementor-divider-separator\">\n\t\t\t\t\t\t<\/span>\n\t\t<\/div>\n\t\t\t\t<\/div>\n\t\t\t\t<\/div>\n\t\t\t\t<div class=\"elementor-element elementor-element-59435a3a elementor-widget elementor-widget-text-editor\" data-id=\"59435a3a\" data-element_type=\"widget\" data-widget_type=\"text-editor.default\">\n\t\t\t\t<div class=\"elementor-widget-container\">\n\t\t\t<style>\/*! elementor - v3.10.0 - 09-01-2023 *\/\n.elementor-widget-text-editor.elementor-drop-cap-view-stacked .elementor-drop-cap{background-color:#818a91;color:#fff}.elementor-widget-text-editor.elementor-drop-cap-view-framed .elementor-drop-cap{color:#818a91;border:3px solid;background-color:transparent}.elementor-widget-text-editor:not(.elementor-drop-cap-view-default) .elementor-drop-cap{margin-top:8px}.elementor-widget-text-editor:not(.elementor-drop-cap-view-default) .elementor-drop-cap-letter{width:1em;height:1em}.elementor-widget-text-editor .elementor-drop-cap{float:left;text-align:center;line-height:1;font-size:50px}.elementor-widget-text-editor .elementor-drop-cap-letter{display:inline-block}<\/style>\t\t\t\t<p>FAI SERVICE to wiod\u0105ca firma w bran\u017cy us\u0142ug dla transportu ci\u0119\u017ckiego, kt\u00f3ra powsta\u0142a w 1986 roku i obecnie dzia\u0142a w Europie, obs\u0142uguj\u0105c ponad 7 000 firm klient\u00f3w i ponad 100 000 pojazd\u00f3w.<\/p>\n<p>Od zawsze opracowujemy i oferujemy przydatne i innowacyjne us\u0142ugi dla naszych partner\u00f3w z my\u015bl\u0105 o zapewnieniu bezpieczniejszych, bardziej op\u0142acalnych i lepiej wspomaganych podr\u00f3\u017cy w ca\u0142ej Europie. Opr\u00f3cz dzia\u0142alno\u015bci profesjonalnej i us\u0142ugowej, promujemy i finansujemy inicjatywy solidarne i spo\u0142eczne we W\u0142oszech i na ca\u0142ym \u015bwiecie, wsp\u00f3\u0142pracuj\u0105c z uznawanymi organizacjami non-profit.<\/p>\n<p>Dlatego \u017ce ci, kt\u00f3rzy podr\u00f3\u017cuj\u0105, poznaj\u0105 \u015bwiat i robi\u0105 wszystko, aby uczyni\u0107 go lepszym miejscem.<\/p>\n\t\t\t\t\t\t<\/div>\n\t\t\t\t<\/div>\n\t\t\t\t<div class=\"elementor-element elementor-element-dc98325 elementor-widget elementor-widget-image\" data-id=\"dc98325\" data-element_type=\"widget\" data-widget_type=\"image.default\">\n\t\t\t\t<div class=\"elementor-widget-container\">\n\t\t\t<style>\/*! elementor - v3.10.0 - 09-01-2023 *\/\n.elementor-widget-image{text-align:center}.elementor-widget-image a{display:inline-block}.elementor-widget-image a img[src$=\".svg\"]{width:48px}.elementor-widget-image img{vertical-align:middle;display:inline-block}<\/style>\t\t\t\t\t\t\t\t\t\t\t\t<img loading=\"lazy\" decoding=\"async\" width=\"1920\" height=\"1080\" src=\"https:\/\/faiservice.com\/wp-content\/uploads\/2023\/05\/stars_corporare_blue.png\" class=\"attachment-full size-full wp-image-26543\" alt=\"\" \/>\t\t\t\t\t\t\t\t\t\t\t\t\t\t\t<\/div>\n\t\t\t\t<\/div>\n\t\t\t\t<div class=\"elementor-element elementor-element-8b99838 elementor-widget elementor-widget-text-editor\" data-id=\"8b99838\" data-element_type=\"widget\" data-widget_type=\"text-editor.default\">\n\t\t\t\t<div class=\"elementor-widget-container\">\n\t\t\t\t\t\t\t<p>Ma\u0142e i du\u017ce problemy, kt\u00f3re ka\u017cdy przewo\u017anik musi rozwi\u0105zywa\u0107 w ci\u0105gu dnia pracy, staj\u0105 si\u0119 mniej skomplikowane i czasoch\u0142onne, je\u015bli zostan\u0105 podj\u0119te przy wsparciu FAI Service. Wybieranie miejsca postoju i odpoczynku, tankowanie po korzystnych cenach, rozwi\u0105zywanie spraw finansowych i prawnych &#8211; wszystko to mo\u017ce sta\u0107 si\u0119 skomplikowane, je\u015bli nie masz obok siebie do\u015bwiadczonego i wykwalifikowanego partnera.<\/p>\n\t\t\t\t\t\t<\/div>\n\t\t\t\t<\/div>\n\t\t        <\/div>\n        <\/div>\n        \t\t        <\/div>\n        <\/section>\n\t\t        <section class=\"elementor-section elementor-top-section elementor-element elementor-element-a5ec8a2 elementor-section-boxed elementor-section-height-default elementor-section-height-default\" data-id=\"a5ec8a2\" data-element_type=\"section\">\n\t\t\n\t\t        <div class=\"elementor-container elementor-column-gap-default \" >\n\t\t        <div class=\"elementor-column elementor-col-100 elementor-top-column elementor-element elementor-element-407b014\" data-id=\"407b014\" data-element_type=\"column\" data-settings=\"{&quot;background_background&quot;:&quot;classic&quot;}\">\n        <div class=\"elementor-widget-wrap elementor-element-populated\">\n                                <section class=\"elementor-section elementor-inner-section elementor-element elementor-element-8e5506d elementor-section-boxed elementor-section-height-default elementor-section-height-default\" data-id=\"8e5506d\" data-element_type=\"section\" data-settings=\"{&quot;background_background&quot;:&quot;classic&quot;}\">\n\t\t\n\t\t        <div class=\"elementor-container elementor-column-gap-default \" >\n\t\t        <div class=\"elementor-column elementor-col-50 elementor-inner-column elementor-element elementor-element-c2b00a1\" data-id=\"c2b00a1\" data-element_type=\"column\">\n        <div class=\"elementor-widget-wrap\">\n                                <\/div>\n        <\/div>\n                <div class=\"elementor-column elementor-col-50 elementor-inner-column elementor-element elementor-element-d29e1d3 elementor-invisible\" data-id=\"d29e1d3\" data-element_type=\"column\" data-settings=\"{&quot;background_background&quot;:&quot;classic&quot;,&quot;animation&quot;:&quot;slideInRight&quot;}\">\n        <div class=\"elementor-widget-wrap elementor-element-populated\">\n                        \t\t<div class=\"elementor-element elementor-element-0819c03 elementor-widget elementor-widget-heading\" data-id=\"0819c03\" data-element_type=\"widget\" data-widget_type=\"heading.default\">\n\t\t\t\t<div class=\"elementor-widget-container\">\n\t\t\t<h2 class=\"elementor-heading-title elementor-size-default\">PARTNER, KT\u00d3RY USPRAWNIA PRAC\u0118<\/h2>\t\t<\/div>\n\t\t\t\t<\/div>\n\t\t\t\t<div class=\"elementor-element elementor-element-14eff39 elementor-widget elementor-widget-text-editor\" data-id=\"14eff39\" data-element_type=\"widget\" data-widget_type=\"text-editor.default\">\n\t\t\t\t<div class=\"elementor-widget-container\">\n\t\t\t\t\t\t\t<p>Ci, kt\u00f3rzy podr\u00f3\u017cuj\u0105 codziennie po Europie, przewo\u017c\u0105c towary i produkty, nie maj\u0105 czasu, aby samodzielnie rozwi\u0105zywa\u0107 problemy zwi\u0105zane z konserwacj\u0105 pojazdu, op\u0142atami za przejazdy, korzystnym tankowaniem, wyborem najwygodniejszego miejsca postoju do odpoczynku, mi\u0119dzynarodowym opodatkowaniem, obowi\u0105zuj\u0105cymi prawami w krajach, przez kt\u00f3re przeje\u017cd\u017caj\u0105.<br \/>Dlatego FAI SERVICE podr\u00f3\u017cuje razem z tymi, kt\u00f3rzy podr\u00f3\u017cuj\u0105, oferuj\u0105c \u0142atwe, skuteczne i korzystne rozwi\u0105zania dla przewo\u017anik\u00f3w.<\/p>\n\t\t\t\t\t\t<\/div>\n\t\t\t\t<\/div>\n\t\t\t\t<div class=\"elementor-element elementor-element-83a77ff elementor-widget elementor-widget-heading\" data-id=\"83a77ff\" data-element_type=\"widget\" data-widget_type=\"heading.default\">\n\t\t\t\t<div class=\"elementor-widget-container\">\n\t\t\t<h2 class=\"elementor-heading-title elementor-size-default\">MA\u0141E I DU\u017bE FIRMY. ZAWSZE W CENTRUM UWAGI<\/h2>\t\t<\/div>\n\t\t\t\t<\/div>\n\t\t\t\t<div class=\"elementor-element elementor-element-34d71e6 elementor-widget elementor-widget-text-editor\" data-id=\"34d71e6\" data-element_type=\"widget\" data-widget_type=\"text-editor.default\">\n\t\t\t\t<div class=\"elementor-widget-container\">\n\t\t\t\t\t\t\t<p>7 000 firm transportowych skupionych wok\u00f3\u0142 FAI SERVICE r\u00f3\u017cni si\u0119 pod wzgl\u0119dem wielko\u015bci, ale maj\u0105 wsp\u00f3lny dost\u0119p do szerokiej gamy us\u0142ug. W tej przestrzeni ka\u017cdy jest g\u0142\u00f3wnym bohaterem.<\/p>\n\t\t\t\t\t\t<\/div>\n\t\t\t\t<\/div>\n\t\t        <\/div>\n        <\/div>\n        \t\t        <\/div>\n        <\/section>\n\t\t        <\/div>\n        <\/div>\n        \t\t        <\/div>\n        <\/section>\n\t\t        <section class=\"elementor-section elementor-top-section elementor-element elementor-element-0ebbfd4 elementor-section-stretched elementor-section-boxed elementor-section-height-default elementor-section-height-default\" data-id=\"0ebbfd4\" data-element_type=\"section\" data-settings=\"{&quot;stretch_section&quot;:&quot;section-stretched&quot;,&quot;background_background&quot;:&quot;classic&quot;}\">\n\t\t            <div class=\"elementor-background-overlay\"><\/div>\n\t\t\n\t\t        <div class=\"elementor-container elementor-column-gap-default \" >\n\t\t        <div class=\"elementor-column elementor-col-100 elementor-top-column elementor-element elementor-element-9611aec\" data-id=\"9611aec\" data-element_type=\"column\">\n        <div class=\"elementor-widget-wrap elementor-element-populated\">\n                        \t\t<div class=\"elementor-element elementor-element-141b911 elementor-widget elementor-widget-heading\" data-id=\"141b911\" data-element_type=\"widget\" data-widget_type=\"heading.default\">\n\t\t\t\t<div class=\"elementor-widget-container\">\n\t\t\t<h4 class=\"elementor-heading-title elementor-size-default\">Skontaktuj si\u0119 z nami aby dowiedzie\u0107 si\u0119 wi\u0119cej +48 222 555 691<\/h4>\t\t<\/div>\n\t\t\t\t<\/div>\n\t\t\t\t<div class=\"elementor-element elementor-element-4e98019 elementor-widget elementor-widget-text-editor\" data-id=\"4e98019\" data-element_type=\"widget\" data-widget_type=\"text-editor.default\">\n\t\t\t\t<div class=\"elementor-widget-container\">\n\t\t\t\t\t\t\t<p>lub<\/p>\n\t\t\t\t\t\t<\/div>\n\t\t\t\t<\/div>\n\t\t        <section class=\"elementor-section elementor-inner-section elementor-element elementor-element-3c3a38c elementor-section-boxed elementor-section-height-default elementor-section-height-default\" data-id=\"3c3a38c\" data-element_type=\"section\">\n\t\t\n\t\t        <div class=\"elementor-container elementor-column-gap-default \" >\n\t\t        <div class=\"elementor-column elementor-col-50 elementor-inner-column elementor-element elementor-element-9e913fd\" data-id=\"9e913fd\" data-element_type=\"column\">\n        <div class=\"elementor-widget-wrap elementor-element-populated\">\n                        \t\t<div class=\"elementor-element elementor-element-e958929 elementor-align-center elementor-widget elementor-widget-button\" data-id=\"e958929\" data-element_type=\"widget\" data-widget_type=\"button.default\">\n\t\t\t\t<div class=\"elementor-widget-container\">\n\t\t\t\t\t<div class=\"elementor-button-wrapper\">\n\t\t\t<a href=\"https:\/\/faiservice.com\/pl\/?page_id=26704\" class=\"elementor-button-link elementor-button elementor-size-md\" role=\"button\">\n\t\t\t\t\t\t<span class=\"elementor-button-content-wrapper\">\n\t\t\t\t\t\t<span class=\"elementor-button-text\">Z\u0142\u00f3\u017c zapytanie<\/span>\n\t\t<\/span>\n\t\t\t\t\t<\/a>\n\t\t<\/div>\n\t\t\t\t<\/div>\n\t\t\t\t<\/div>\n\t\t        <\/div>\n        <\/div>\n                <div class=\"elementor-column elementor-col-50 elementor-inner-column elementor-element elementor-element-a4cb9ba\" data-id=\"a4cb9ba\" data-element_type=\"column\">\n        <div class=\"elementor-widget-wrap elementor-element-populated\">\n                        \t\t<div class=\"elementor-element elementor-element-d471213 elementor-align-center elementor-widget elementor-widget-button\" data-id=\"d471213\" data-element_type=\"widget\" data-widget_type=\"button.default\">\n\t\t\t\t<div class=\"elementor-widget-container\">\n\t\t\t\t\t<div class=\"elementor-button-wrapper\">\n\t\t\t<a href=\"https:\/\/my.lumesia.com\/login\" target=\"_blank\" class=\"elementor-button-link elementor-button elementor-size-md\" role=\"button\">\n\t\t\t\t\t\t<span class=\"elementor-button-content-wrapper\">\n\t\t\t\t\t\t<span class=\"elementor-button-text\">Panel klienta<\/span>\n\t\t<\/span>\n\t\t\t\t\t<\/a>\n\t\t<\/div>\n\t\t\t\t<\/div>\n\t\t\t\t<\/div>\n\t\t        <\/div>\n        <\/div>\n        \t\t        <\/div>\n        <\/section>\n\t\t        <\/div>\n        <\/div>\n        \t\t        <\/div>\n        <\/section>\n\t\t\t\t\t\t\t<\/div>\n\t\t","protected":false},"excerpt":{"rendered":"<p>KIM JESTE\u015aMY Home FAI SERVICE to globalny partner dla firm transportowych. FAI SERVICE to wiod\u0105ca firma w bran\u017cy us\u0142ug dla transportu ci\u0119\u017ckiego, kt\u00f3ra powsta\u0142a w 1986 roku i obecnie dzia\u0142a w Europie, obs\u0142uguj\u0105c ponad 7 000 firm klient\u00f3w i ponad 100 000 pojazd\u00f3w. Od zawsze opracowujemy i oferujemy przydatne i innowacyjne us\u0142ugi dla naszych partner\u00f3w [&hellip;]<\/p>\n","protected":false},"author":1,"featured_media":0,"parent":0,"menu_order":0,"comment_status":"closed","ping_status":"closed","template":"","meta":{"_acf_changed":false,"footnotes":""},"acf":[],"_links":{"self":[{"href":"https:\/\/faiservice.com\/pl\/wp-json\/wp\/v2\/pages\/26692"}],"collection":[{"href":"https:\/\/faiservice.com\/pl\/wp-json\/wp\/v2\/pages"}],"about":[{"href":"https:\/\/faiservice.com\/pl\/wp-json\/wp\/v2\/types\/page"}],"author":[{"embeddable":true,"href":"https:\/\/faiservice.com\/pl\/wp-json\/wp\/v2\/users\/1"}],"replies":[{"embeddable":true,"href":"https:\/\/faiservice.com\/pl\/wp-json\/wp\/v2\/comments?post=26692"}],"version-history":[{"count":18,"href":"https:\/\/faiservice.com\/pl\/wp-json\/wp\/v2\/pages\/26692\/revisions"}],"predecessor-version":[{"id":27249,"href":"https:\/\/faiservice.com\/pl\/wp-json\/wp\/v2\/pages\/26692\/revisions\/27249"}],"wp:attachment":[{"href":"https:\/\/faiservice.com\/pl\/wp-json\/wp\/v2\/media?parent=26692"}],"curies":[{"name":"wp","href":"https:\/\/api.w.org\/{rel}","templated":true}]}}